{"id":64,"date":"2022-03-10T13:46:00","date_gmt":"2022-03-10T12:46:00","guid":{"rendered":"http:\/\/flatsome.dev\/?page_id=3288"},"modified":"2025-03-26T13:18:42","modified_gmt":"2025-03-26T12:18:42","slug":"villa-torre","status":"publish","type":"page","link":"https:\/\/www.villa-torre.de\/","title":{"rendered":"Villa Torre"},"content":{"rendered":"\n\t<section class=\"section dark\" id=\"section_220983398\">\n\t\t<div class=\"section-bg fill\" >\n\t\t\t\t\t\t\t\t\t<div class=\"section-bg-overlay absolute fill\"><\/div>\n\t\t\t\n\n\t\t<\/div>\n\n\t\t\n\n\t\t<div class=\"section-content relative\">\n\t\t\t\n\n<div class=\"row row-collapse align-middle align-center\"  id=\"row-708665890\">\n\n\n\t<div id=\"col-1398266620\" class=\"col medium-7 small-12 large-7\"  >\n\t\t\t\t<div class=\"col-inner\"  >\n\t\t\t\n\t\t\t\n\n<div class=\"slider-wrapper relative\" id=\"slider-668708585\" >\n    <div class=\"slider slider-nav-dots-dashes-spaced slider-nav-simple slider-nav-large slider-nav-light slider-style-normal slider-show-nav\"\n        data-flickity-options='{\n            \"cellAlign\": \"center\",\n            \"imagesLoaded\": true,\n            \"lazyLoad\": 1,\n            \"freeScroll\": true,\n            \"wrapAround\": true,\n            \"autoPlay\": 6000,\n            \"pauseAutoPlayOnHover\" : true,\n            \"prevNextButtons\": false,\n            \"contain\" : true,\n            \"adaptiveHeight\" : true,\n            \"dragThreshold\" : 10,\n            \"percentPosition\": true,\n            \"pageDots\": false,\n            \"rightToLeft\": false,\n            \"draggable\": false,\n            \"selectedAttraction\": 0.1,\n            \"parallax\" : 0,\n            \"friction\": 0.6        }'\n        >\n        \n\n\t<div class=\"img has-hover x md-x lg-x y md-y lg-y\" id=\"image_1084156051\">\n\t\t<a class=\"image-lightbox lightbox-gallery\" title=\"\" href=\"https:\/\/www.villa-torre.de\/wp-content\/uploads\/2022\/03\/zeichnung-kartemond_med_hr_slider.jpg\">\t\t\t\t\t\t<div class=\"img-inner dark\" >\n\t\t\t<img loading=\"lazy\" decoding=\"async\" width=\"886\" height=\"588\" src=\"https:\/\/www.villa-torre.de\/wp-content\/uploads\/2022\/03\/zeichnung-kartemond_med_hr_slider.jpg\" class=\"attachment-large size-large\" alt=\"\" srcset=\"https:\/\/www.villa-torre.de\/wp-content\/uploads\/2022\/03\/zeichnung-kartemond_med_hr_slider.jpg 886w, https:\/\/www.villa-torre.de\/wp-content\/uploads\/2022\/03\/zeichnung-kartemond_med_hr_slider-600x398.jpg 600w, https:\/\/www.villa-torre.de\/wp-content\/uploads\/2022\/03\/zeichnung-kartemond_med_hr_slider-603x400.jpg 603w, https:\/\/www.villa-torre.de\/wp-content\/uploads\/2022\/03\/zeichnung-kartemond_med_hr_slider-768x510.jpg 768w\" sizes=\"auto, (max-width: 886px) 100vw, 886px\" \/>\t\t\t\t\t\t\n\t\t\t\t\t<\/div>\n\t\t\t\t\t\t<\/a>\t\t\n<style>\n#image_1084156051 {\n  width: 100%;\n}\n<\/style>\n\t<\/div>\n\t\n\n\t<div class=\"img has-hover x md-x lg-x y md-y lg-y\" id=\"image_695636705\">\n\t\t\t\t\t\t\t\t<div class=\"img-inner dark\" >\n\t\t\t<img loading=\"lazy\" decoding=\"async\" width=\"886\" height=\"588\" src=\"https:\/\/www.villa-torre.de\/wp-content\/uploads\/2022\/03\/DSC0140.jpg\" class=\"attachment-large size-large\" alt=\"\" srcset=\"https:\/\/www.villa-torre.de\/wp-content\/uploads\/2022\/03\/DSC0140.jpg 886w, https:\/\/www.villa-torre.de\/wp-content\/uploads\/2022\/03\/DSC0140-600x398.jpg 600w, https:\/\/www.villa-torre.de\/wp-content\/uploads\/2022\/03\/DSC0140-603x400.jpg 603w, https:\/\/www.villa-torre.de\/wp-content\/uploads\/2022\/03\/DSC0140-768x510.jpg 768w\" sizes=\"auto, (max-width: 886px) 100vw, 886px\" \/>\t\t\t\t\t\t\n\t\t\t\t\t<\/div>\n\t\t\t\t\t\t\t\t\n<style>\n#image_695636705 {\n  width: 100%;\n}\n<\/style>\n\t<\/div>\n\t\n\n\t<div class=\"img has-hover x md-x lg-x y md-y lg-y\" id=\"image_1457546816\">\n\t\t\t\t\t\t\t\t<div class=\"img-inner dark\" >\n\t\t\t<img loading=\"lazy\" decoding=\"async\" width=\"886\" height=\"588\" src=\"https:\/\/www.villa-torre.de\/wp-content\/uploads\/2022\/03\/20130915_5838.jpg\" class=\"attachment-large size-large\" alt=\"\" srcset=\"https:\/\/www.villa-torre.de\/wp-content\/uploads\/2022\/03\/20130915_5838.jpg 886w, https:\/\/www.villa-torre.de\/wp-content\/uploads\/2022\/03\/20130915_5838-600x398.jpg 600w, https:\/\/www.villa-torre.de\/wp-content\/uploads\/2022\/03\/20130915_5838-603x400.jpg 603w, https:\/\/www.villa-torre.de\/wp-content\/uploads\/2022\/03\/20130915_5838-768x510.jpg 768w\" sizes=\"auto, (max-width: 886px) 100vw, 886px\" \/>\t\t\t\t\t\t\n\t\t\t\t\t<\/div>\n\t\t\t\t\t\t\t\t\n<style>\n#image_1457546816 {\n  width: 100%;\n}\n<\/style>\n\t<\/div>\n\t\n\n\t<div class=\"img has-hover x md-x lg-x y md-y lg-y\" id=\"image_177368320\">\n\t\t\t\t\t\t\t\t<div class=\"img-inner dark\" >\n\t\t\t<img loading=\"lazy\" decoding=\"async\" width=\"886\" height=\"588\" src=\"https:\/\/www.villa-torre.de\/wp-content\/uploads\/2022\/03\/20130915_5832.jpg\" class=\"attachment-large size-large\" alt=\"\" srcset=\"https:\/\/www.villa-torre.de\/wp-content\/uploads\/2022\/03\/20130915_5832.jpg 886w, https:\/\/www.villa-torre.de\/wp-content\/uploads\/2022\/03\/20130915_5832-600x398.jpg 600w, https:\/\/www.villa-torre.de\/wp-content\/uploads\/2022\/03\/20130915_5832-603x400.jpg 603w, https:\/\/www.villa-torre.de\/wp-content\/uploads\/2022\/03\/20130915_5832-768x510.jpg 768w\" sizes=\"auto, (max-width: 886px) 100vw, 886px\" \/>\t\t\t\t\t\t\n\t\t\t\t\t<\/div>\n\t\t\t\t\t\t\t\t\n<style>\n#image_177368320 {\n  width: 100%;\n}\n<\/style>\n\t<\/div>\n\t\n\n\t<div class=\"img has-hover x md-x lg-x y md-y lg-y\" id=\"image_575741371\">\n\t\t\t\t\t\t\t\t<div class=\"img-inner dark\" >\n\t\t\t<img loading=\"lazy\" decoding=\"async\" width=\"886\" height=\"588\" src=\"https:\/\/www.villa-torre.de\/wp-content\/uploads\/2022\/03\/20130915_5745.jpg\" class=\"attachment-large size-large\" alt=\"\" srcset=\"https:\/\/www.villa-torre.de\/wp-content\/uploads\/2022\/03\/20130915_5745.jpg 886w, https:\/\/www.villa-torre.de\/wp-content\/uploads\/2022\/03\/20130915_5745-600x398.jpg 600w, https:\/\/www.villa-torre.de\/wp-content\/uploads\/2022\/03\/20130915_5745-603x400.jpg 603w, https:\/\/www.villa-torre.de\/wp-content\/uploads\/2022\/03\/20130915_5745-768x510.jpg 768w\" sizes=\"auto, (max-width: 886px) 100vw, 886px\" \/>\t\t\t\t\t\t\n\t\t\t\t\t<\/div>\n\t\t\t\t\t\t\t\t\n<style>\n#image_575741371 {\n  width: 100%;\n}\n<\/style>\n\t<\/div>\n\t\n\n\t<div class=\"img has-hover x md-x lg-x y md-y lg-y\" id=\"image_721463406\">\n\t\t\t\t\t\t\t\t<div class=\"img-inner dark\" >\n\t\t\t<img loading=\"lazy\" decoding=\"async\" width=\"886\" height=\"588\" src=\"https:\/\/www.villa-torre.de\/wp-content\/uploads\/2022\/03\/20130908_4135.jpg\" class=\"attachment-large size-large\" alt=\"\" srcset=\"https:\/\/www.villa-torre.de\/wp-content\/uploads\/2022\/03\/20130908_4135.jpg 886w, https:\/\/www.villa-torre.de\/wp-content\/uploads\/2022\/03\/20130908_4135-600x398.jpg 600w, https:\/\/www.villa-torre.de\/wp-content\/uploads\/2022\/03\/20130908_4135-603x400.jpg 603w, https:\/\/www.villa-torre.de\/wp-content\/uploads\/2022\/03\/20130908_4135-768x510.jpg 768w\" sizes=\"auto, (max-width: 886px) 100vw, 886px\" \/>\t\t\t\t\t\t\n\t\t\t\t\t<\/div>\n\t\t\t\t\t\t\t\t\n<style>\n#image_721463406 {\n  width: 100%;\n}\n<\/style>\n\t<\/div>\n\t\n\n\t<div class=\"img has-hover x md-x lg-x y md-y lg-y\" id=\"image_1998207250\">\n\t\t\t\t\t\t\t\t<div class=\"img-inner dark\" >\n\t\t\t<img loading=\"lazy\" decoding=\"async\" width=\"886\" height=\"588\" src=\"https:\/\/www.villa-torre.de\/wp-content\/uploads\/2022\/03\/20130908_4110.jpg\" class=\"attachment-large size-large\" alt=\"\" srcset=\"https:\/\/www.villa-torre.de\/wp-content\/uploads\/2022\/03\/20130908_4110.jpg 886w, https:\/\/www.villa-torre.de\/wp-content\/uploads\/2022\/03\/20130908_4110-600x398.jpg 600w, https:\/\/www.villa-torre.de\/wp-content\/uploads\/2022\/03\/20130908_4110-603x400.jpg 603w, https:\/\/www.villa-torre.de\/wp-content\/uploads\/2022\/03\/20130908_4110-768x510.jpg 768w\" sizes=\"auto, (max-width: 886px) 100vw, 886px\" \/>\t\t\t\t\t\t\n\t\t\t\t\t<\/div>\n\t\t\t\t\t\t\t\t\n<style>\n#image_1998207250 {\n  width: 100%;\n}\n<\/style>\n\t<\/div>\n\t\n\n\t<div class=\"img has-hover x md-x lg-x y md-y lg-y\" id=\"image_805065188\">\n\t\t\t\t\t\t\t\t<div class=\"img-inner dark\" >\n\t\t\t<img loading=\"lazy\" decoding=\"async\" width=\"886\" height=\"588\" src=\"https:\/\/www.villa-torre.de\/wp-content\/uploads\/2022\/03\/20110809_5189.jpg\" class=\"attachment-large size-large\" alt=\"\" srcset=\"https:\/\/www.villa-torre.de\/wp-content\/uploads\/2022\/03\/20110809_5189.jpg 886w, https:\/\/www.villa-torre.de\/wp-content\/uploads\/2022\/03\/20110809_5189-600x398.jpg 600w, https:\/\/www.villa-torre.de\/wp-content\/uploads\/2022\/03\/20110809_5189-603x400.jpg 603w, https:\/\/www.villa-torre.de\/wp-content\/uploads\/2022\/03\/20110809_5189-768x510.jpg 768w\" sizes=\"auto, (max-width: 886px) 100vw, 886px\" \/>\t\t\t\t\t\t\n\t\t\t\t\t<\/div>\n\t\t\t\t\t\t\t\t\n<style>\n#image_805065188 {\n  width: 100%;\n}\n<\/style>\n\t<\/div>\n\t\n\n\t<div class=\"img has-hover x md-x lg-x y md-y lg-y\" id=\"image_597155876\">\n\t\t\t\t\t\t\t\t<div class=\"img-inner dark\" >\n\t\t\t<img loading=\"lazy\" decoding=\"async\" width=\"886\" height=\"588\" src=\"https:\/\/www.villa-torre.de\/wp-content\/uploads\/2022\/03\/20100826_2553.jpg\" class=\"attachment-large size-large\" alt=\"\" srcset=\"https:\/\/www.villa-torre.de\/wp-content\/uploads\/2022\/03\/20100826_2553.jpg 886w, https:\/\/www.villa-torre.de\/wp-content\/uploads\/2022\/03\/20100826_2553-600x398.jpg 600w, https:\/\/www.villa-torre.de\/wp-content\/uploads\/2022\/03\/20100826_2553-603x400.jpg 603w, https:\/\/www.villa-torre.de\/wp-content\/uploads\/2022\/03\/20100826_2553-768x510.jpg 768w\" sizes=\"auto, (max-width: 886px) 100vw, 886px\" \/>\t\t\t\t\t\t\n\t\t\t\t\t<\/div>\n\t\t\t\t\t\t\t\t\n<style>\n#image_597155876 {\n  width: 100%;\n}\n<\/style>\n\t<\/div>\n\t\n\n\t<div class=\"img has-hover x md-x lg-x y md-y lg-y\" id=\"image_2114333331\">\n\t\t\t\t\t\t\t\t<div class=\"img-inner dark\" >\n\t\t\t<img loading=\"lazy\" decoding=\"async\" width=\"886\" height=\"588\" src=\"https:\/\/www.villa-torre.de\/wp-content\/uploads\/2022\/03\/20100826_2450.jpg\" class=\"attachment-large size-large\" alt=\"\" srcset=\"https:\/\/www.villa-torre.de\/wp-content\/uploads\/2022\/03\/20100826_2450.jpg 886w, https:\/\/www.villa-torre.de\/wp-content\/uploads\/2022\/03\/20100826_2450-600x398.jpg 600w, https:\/\/www.villa-torre.de\/wp-content\/uploads\/2022\/03\/20100826_2450-603x400.jpg 603w, https:\/\/www.villa-torre.de\/wp-content\/uploads\/2022\/03\/20100826_2450-768x510.jpg 768w\" sizes=\"auto, (max-width: 886px) 100vw, 886px\" \/>\t\t\t\t\t\t\n\t\t\t\t\t<\/div>\n\t\t\t\t\t\t\t\t\n<style>\n#image_2114333331 {\n  width: 100%;\n}\n<\/style>\n\t<\/div>\n\t\n\n\t<div class=\"img has-hover x md-x lg-x y md-y lg-y\" id=\"image_214575613\">\n\t\t\t\t\t\t\t\t<div class=\"img-inner dark\" >\n\t\t\t<img loading=\"lazy\" decoding=\"async\" width=\"886\" height=\"588\" src=\"https:\/\/www.villa-torre.de\/wp-content\/uploads\/2022\/03\/DSC2698.jpg\" class=\"attachment-large size-large\" alt=\"\" srcset=\"https:\/\/www.villa-torre.de\/wp-content\/uploads\/2022\/03\/DSC2698.jpg 886w, https:\/\/www.villa-torre.de\/wp-content\/uploads\/2022\/03\/DSC2698-600x398.jpg 600w, https:\/\/www.villa-torre.de\/wp-content\/uploads\/2022\/03\/DSC2698-603x400.jpg 603w, https:\/\/www.villa-torre.de\/wp-content\/uploads\/2022\/03\/DSC2698-768x510.jpg 768w\" sizes=\"auto, (max-width: 886px) 100vw, 886px\" \/>\t\t\t\t\t\t\n\t\t\t\t\t<\/div>\n\t\t\t\t\t\t\t\t\n<style>\n#image_214575613 {\n  width: 100%;\n}\n<\/style>\n\t<\/div>\n\t\n\n\n     <\/div>\n\n     <div class=\"loading-spin dark large centered\"><\/div>\n\n\t<\/div>\n\n\n\n\t\t<\/div>\n\t\t\t\t\t<\/div>\n\n\t\n\n\t<div id=\"col-456822864\" class=\"col medium-5 small-12 large-5\"  >\n\t\t\t\t<div class=\"col-inner text-left\"  >\n\t\t\t\n\t\t\t\n\n\t<div id=\"text-860621406\" class=\"text\">\n\t\t\n\n<h2 class=\"alt-font\" style=\"padding-left: 20px; text-align: left;\"><span style=\"font-size: 160%;\">Piemont<\/span><\/h2>\n<h3 class=\"uppercase\" style=\"padding-left: 40px; text-align: left;\">&nbsp;<\/h3>\n<p style=\"padding-left: 20px; padding-right: 20px; text-align: left;\"><strong>Schlaraffenland f\u00fcr kulinarische Gen\u00fcsse. Wein, K\u00e4se, Kastanien, Pilze: die K\u00fcche im Piemont ist reichhaltig und vielf\u00e4ltig. Tr\u00fcffeln geh\u00f6ren dazu und sind hier einfach Ausdruck des guten Geschmackes.<\/strong><\/p>\n\t\t\n<style>\n#text-860621406 {\n  line-height: 2.15;\n  text-align: center;\n  color: rgb(255,255,255);\n}\n#text-860621406 > * {\n  color: rgb(255,255,255);\n}\n<\/style>\n\t<\/div>\n\t\n\n\t\t<\/div>\n\t\t\t\t\n<style>\n#col-456822864 > .col-inner {\n  padding: 5% 5% 5% 5%;\n  max-width: 520px;\n}\n<\/style>\n\t<\/div>\n\n\t\n\n<\/div>\n\n\t\t<\/div>\n\n\t\t\n<style>\n#section_220983398 {\n  padding-top: 0px;\n  padding-bottom: 0px;\n  background-color: rgb(64, 64, 64);\n}\n#section_220983398 .section-bg-overlay {\n  background-color: #dd9933;\n}\n<\/style>\n\t<\/section>\n\t\n\n  <div class=\"banner has-hover has-parallax\" id=\"banner-1958959266\">\n          <div class=\"banner-inner fill\">\n        <div class=\"banner-bg fill\" data-parallax=\"-6\" data-parallax-container=\".banner\" data-parallax-background>\n            <img loading=\"lazy\" decoding=\"async\" width=\"1020\" height=\"677\" src=\"https:\/\/www.villa-torre.de\/wp-content\/uploads\/2022\/03\/Trueffel-Nudeln-e1647341544561-1205x800.jpg\" class=\"bg attachment-large size-large\" alt=\"\" \/>                                    \n                    <\/div>\n\t\t\n        <div class=\"banner-layers container\">\n            <div class=\"fill banner-link\"><\/div>            \n\n   <div id=\"text-box-1811957428\" class=\"text-box banner-layer x50 md-x5 lg-x5 y50 md-y10 lg-y10 res-text\">\n                     <div data-animate=\"none\">           <div class=\"text-box-content text box-shadow-4 dark\">\n              \n\t<div class=\"is-border\"\n\t\tstyle=\"border-width:0px 0px 0px 0px;margin:0px 0px -8px0 0px;\">\n\t<\/div>\n              <div class=\"text-inner text-left\">\n                  \n\n\t<div id=\"text-2269597972\" class=\"text\">\n\t\t\n\n<h2 class=\"alt-font\" style=\"padding-left: 20px;\">Villa Torre<\/h2>\n<h3 class=\"uppercase\" style=\"padding-left: 40px;\">&nbsp;<\/h3>\n<p style=\"padding-left: 20px;padding-right: 20px;\"><strong>Es gibt nichts besseres als etwas Gutes! In der Villa Torre dreht sich alles um diese guten Dinge. Die besten und s\u00fcssesten Tomaten anbauen, oder fruchtige oder mildes Oliven\u00f6le probieren, Pilze sammeln oder den neuesten Jahrgang des Dogliani testen.&nbsp;<\/strong><\/p>\n<p style=\"padding-left:20px;padding-right: 20px;\"><strong>Und nat\u00fcrlich Tr\u00fcffel Und zwar egal ob schwarze Sommertr\u00fcffel (wer will schon im Sommer darben), Perigordtr\u00fcffel oder eben die edle wei\u00dfe Tuber magnatum pico.<\/strong><\/p>\n\t\t\n<style>\n#text-2269597972 {\n  font-size: 1rem;\n  line-height: 2.1;\n  text-align: left;\n  color: rgb(255,255,255);\n}\n#text-2269597972 > * {\n  color: rgb(255,255,255);\n}\n<\/style>\n\t<\/div>\n\t\n\n              <\/div>\n           <\/div>\n       <\/div>                     \n<style>\n#text-box-1811957428 {\n  margin: 0 0px 0px 0px;\n  width: 82%;\n}\n#text-box-1811957428 .text-box-content {\n  background-color: rgba(0, 0, 0, 0.326);\n  font-size: 100%;\n}\n#text-box-1811957428 .text-inner {\n  padding: 0px 0px 0px 0;\n}\n@media (min-width:550px) {\n  #text-box-1811957428 {\n    width: 50%;\n  }\n}\n<\/style>\n    <\/div>\n \n\n        <\/div>\n      <\/div>\n\n            \n<style>\n#banner-1958959266 {\n  padding-top: 540px;\n  background-color: #dd9933;\n}\n#banner-1958959266 .banner-bg img {\n  object-position: 1% 0%;\n}\n<\/style>\n  <\/div>\n\n\n\n  <div class=\"banner has-hover\" id=\"banner-1327185176\">\n          <div class=\"banner-inner fill\">\n        <div class=\"banner-bg fill\" >\n                                    <div class=\"overlay\"><\/div>            \n                    <\/div>\n\t\t\n        <div class=\"banner-layers container\">\n            <div class=\"fill banner-link\"><\/div>            \n\n   <div id=\"text-box-2023917445\" class=\"text-box banner-layer x50 md-x50 lg-x50 y5 md-y5 lg-y5 res-text\">\n                                <div class=\"text-box-content text dark\">\n              \n              <div class=\"text-inner text-center\">\n                  \n\n\t<div id=\"text-3536924293\" class=\"text\">\n\t\t\n\n<h4><strong>Dieser Shop befindet sich im Aufbau.<\/strong><\/h4>\n\t\t\n<style>\n#text-3536924293 {\n  line-height: 0.75;\n}\n<\/style>\n\t<\/div>\n\t\n\t<div id=\"text-1539526711\" class=\"text\">\n\t\t\n\n<p>Es k\u00f6nnen leider noch keine Bestellungen entgegen genommen werden. Wir arbeiten mit Hochdruck daran und freuen uns Sie bald als unsere Kunden begr\u00fc\u00dfen zu d\u00fcrfen.<\/p>\n\t\t\n<style>\n#text-1539526711 {\n  text-align: center;\n}\n<\/style>\n\t<\/div>\n\t\n\n              <\/div>\n           <\/div>\n                            \n<style>\n#text-box-2023917445 {\n  margin: 1px0 0px 0px 0px;\n  width: 79%;\n}\n#text-box-2023917445 .text-box-content {\n  font-size: 100%;\n}\n@media (min-width:550px) {\n  #text-box-2023917445 {\n    width: 60%;\n  }\n}\n<\/style>\n    <\/div>\n \n\n        <\/div>\n      <\/div>\n\n            \n<style>\n#banner-1327185176 {\n  padding-top: 139px;\n}\n#banner-1327185176 .overlay {\n  background-color: rgba(221, 153, 51, 0.645);\n}\n<\/style>\n  <\/div>\n\n\n<div class=\"is-divider divider clearfix\" ><\/div>\n\n\n  \n    <div class=\"row large-columns-4 medium-columns-3 small-columns-2 row-normal slider row-slider slider-nav-reveal slider-nav-push\"  data-flickity-options='{&quot;imagesLoaded&quot;: true, &quot;groupCells&quot;: &quot;100%&quot;, &quot;dragThreshold&quot; : 5, &quot;cellAlign&quot;: &quot;left&quot;,&quot;wrapAround&quot;: false,&quot;prevNextButtons&quot;: true,&quot;percentPosition&quot;: true,&quot;pageDots&quot;: false, &quot;rightToLeft&quot;: false, &quot;autoPlay&quot; : false}' >\n\n  <\/div>","protected":false},"excerpt":{"rendered":"","protected":false},"author":1,"featured_media":18,"parent":0,"menu_order":0,"comment_status":"closed","ping_status":"closed","template":"","meta":{"footnotes":""},"class_list":["post-64","page","type-page","status-publish","has-post-thumbnail","hentry"],"jetpack_sharing_enabled":true,"_links":{"self":[{"href":"https:\/\/www.villa-torre.de\/index.php?rest_route=\/wp\/v2\/pages\/64","targetHints":{"allow":["GET"]}}],"collection":[{"href":"https:\/\/www.villa-torre.de\/index.php?rest_route=\/wp\/v2\/pages"}],"about":[{"href":"https:\/\/www.villa-torre.de\/index.php?rest_route=\/wp\/v2\/types\/page"}],"author":[{"embeddable":true,"href":"https:\/\/www.villa-torre.de\/index.php?rest_route=\/wp\/v2\/users\/1"}],"replies":[{"embeddable":true,"href":"https:\/\/www.villa-torre.de\/index.php?rest_route=%2Fwp%2Fv2%2Fcomments&post=64"}],"version-history":[{"count":71,"href":"https:\/\/www.villa-torre.de\/index.php?rest_route=\/wp\/v2\/pages\/64\/revisions"}],"predecessor-version":[{"id":727,"href":"https:\/\/www.villa-torre.de\/index.php?rest_route=\/wp\/v2\/pages\/64\/revisions\/727"}],"wp:featuredmedia":[{"embeddable":true,"href":"https:\/\/www.villa-torre.de\/index.php?rest_route=\/wp\/v2\/media\/18"}],"wp:attachment":[{"href":"https:\/\/www.villa-torre.de\/index.php?rest_route=%2Fwp%2Fv2%2Fmedia&parent=64"}],"curies":[{"name":"wp","href":"https:\/\/api.w.org\/{rel}","templated":true}]}}