{"id":502,"date":"2022-03-18T10:28:52","date_gmt":"2022-03-18T09:28:52","guid":{"rendered":"https:\/\/www.villa-torre.de\/?post_type=product&#038;p=502"},"modified":"2022-05-02T19:24:26","modified_gmt":"2022-05-02T17:24:26","slug":"kaese","status":"publish","type":"product","link":"https:\/\/www.villa-torre.de\/?product=kaese","title":{"rendered":"Heuk\u00e4se"},"content":{"rendered":"","protected":false},"excerpt":{"rendered":"<p>cremig, milder K\u00e4se aus Kuhmilch mit feinem Kr\u00e4uter- und Bl\u00fctenaroma<\/p>\n","protected":false},"featured_media":453,"template":"","meta":[],"product_brand":[],"product_cat":[86],"product_tag":[],"class_list":{"0":"post-502","1":"product","2":"type-product","3":"status-publish","4":"has-post-thumbnail","6":"product_cat-kaese","8":"first","9":"instock","10":"taxable","11":"shipping-taxable","12":"purchasable","13":"product-type-simple"},"jetpack_sharing_enabled":true,"_links":{"self":[{"href":"https:\/\/www.villa-torre.de\/index.php?rest_route=\/wp\/v2\/product\/502","targetHints":{"allow":["GET"]}}],"collection":[{"href":"https:\/\/www.villa-torre.de\/index.php?rest_route=\/wp\/v2\/product"}],"about":[{"href":"https:\/\/www.villa-torre.de\/index.php?rest_route=\/wp\/v2\/types\/product"}],"wp:featuredmedia":[{"embeddable":true,"href":"https:\/\/www.villa-torre.de\/index.php?rest_route=\/wp\/v2\/media\/453"}],"wp:attachment":[{"href":"https:\/\/www.villa-torre.de\/index.php?rest_route=%2Fwp%2Fv2%2Fmedia&parent=502"}],"wp:term":[{"taxonomy":"product_brand","embeddable":true,"href":"https:\/\/www.villa-torre.de\/index.php?rest_route=%2Fwp%2Fv2%2Fproduct_brand&post=502"},{"taxonomy":"product_cat","embeddable":true,"href":"https:\/\/www.villa-torre.de\/index.php?rest_route=%2Fwp%2Fv2%2Fproduct_cat&post=502"},{"taxonomy":"product_tag","embeddable":true,"href":"https:\/\/www.villa-torre.de\/index.php?rest_route=%2Fwp%2Fv2%2Fproduct_tag&post=502"}],"curies":[{"name":"wp","href":"https:\/\/api.w.org\/{rel}","templated":true}]}}