{"id":505,"date":"2022-03-20T14:24:59","date_gmt":"2022-03-20T13:24:59","guid":{"rendered":"https:\/\/www.villa-torre.de\/?post_type=product&#038;p=505"},"modified":"2022-07-11T12:20:47","modified_gmt":"2022-07-11T10:20:47","slug":"olio-extra-vergine-di-olivia","status":"publish","type":"product","link":"https:\/\/www.villa-torre.de\/?product=olio-extra-vergine-di-olivia","title":{"rendered":"Olio extra vergine di Olivia ungefiltert"},"content":{"rendered":"<p>Das Oliven\u00f6l aus den besten, kaltgepressten Oliven, mit geringen S\u00e4uregehalt und s\u00fc\u00dfen,<br \/>\nleicht fruchtigen Geschmack, ist eine Bereicherung f\u00fcr alle Gerichte.<\/p>\n<p>Erh\u00e4ltlich in 1Liter Flaschen und im 5 Liter Kanistern.<\/p>\n","protected":false},"excerpt":{"rendered":"<p>Kaltgepresstes, unfiltriertes Oliven\u00f6l \u00a0<strong>\u00bbextra vergine\u00ab<br \/>\n<\/strong>von <em>Baglietto\u00a0&amp; Secco\u00a0<\/em>in der 1 Liter Glasflasche mit Spannverschluss<\/p>\n","protected":false},"featured_media":692,"template":"","meta":[],"product_brand":[],"product_cat":[85],"product_tag":[88,89,87],"class_list":{"0":"post-505","1":"product","2":"type-product","3":"status-publish","4":"has-post-thumbnail","6":"product_cat-edle-speiseoele","7":"product_tag-extra-virgine","8":"product_tag-kaltgepresst","9":"product_tag-olivenoel","11":"first","12":"instock","13":"purchasable","14":"product-type-simple"},"jetpack_sharing_enabled":true,"_links":{"self":[{"href":"https:\/\/www.villa-torre.de\/index.php?rest_route=\/wp\/v2\/product\/505","targetHints":{"allow":["GET"]}}],"collection":[{"href":"https:\/\/www.villa-torre.de\/index.php?rest_route=\/wp\/v2\/product"}],"about":[{"href":"https:\/\/www.villa-torre.de\/index.php?rest_route=\/wp\/v2\/types\/product"}],"wp:featuredmedia":[{"embeddable":true,"href":"https:\/\/www.villa-torre.de\/index.php?rest_route=\/wp\/v2\/media\/692"}],"wp:attachment":[{"href":"https:\/\/www.villa-torre.de\/index.php?rest_route=%2Fwp%2Fv2%2Fmedia&parent=505"}],"wp:term":[{"taxonomy":"product_brand","embeddable":true,"href":"https:\/\/www.villa-torre.de\/index.php?rest_route=%2Fwp%2Fv2%2Fproduct_brand&post=505"},{"taxonomy":"product_cat","embeddable":true,"href":"https:\/\/www.villa-torre.de\/index.php?rest_route=%2Fwp%2Fv2%2Fproduct_cat&post=505"},{"taxonomy":"product_tag","embeddable":true,"href":"https:\/\/www.villa-torre.de\/index.php?rest_route=%2Fwp%2Fv2%2Fproduct_tag&post=505"}],"curies":[{"name":"wp","href":"https:\/\/api.w.org\/{rel}","templated":true}]}}