{"id":654,"date":"2022-04-07T17:52:21","date_gmt":"2022-04-07T15:52:21","guid":{"rendered":"https:\/\/www.villa-torre.de\/?post_type=product&#038;p=654"},"modified":"2022-07-13T11:49:44","modified_gmt":"2022-07-13T09:49:44","slug":"olio-extra-vergine-di-olivia-filtriert","status":"publish","type":"product","link":"https:\/\/www.villa-torre.de\/?product=olio-extra-vergine-di-olivia-filtriert","title":{"rendered":"Olio extra vergine di Olivia filtriert"},"content":{"rendered":"<p>Das Oliven\u00f6l aus den besten, kaltgepressten Oliven, mit geringen S\u00e4uregehalt und s\u00fc\u00dfen,<br \/>\nleicht fruchtigen Geschmack, ist eine Bereicherung f\u00fcr alle Gerichte.<\/p>\n<p>Erh\u00e4ltlich in 1Liter Flaschen und im 5 Liter Kanistern.<\/p>\n","protected":false},"excerpt":{"rendered":"<p>Kaltgepresstes, filtriertes Oliven\u00f6l \u00a0<strong>\u00bbextra vergine\u00ab<br \/>\n<\/strong>von <em>Baglietto\u00a0&amp; Secco\u00a0<\/em>in der 1 Liter Glasflasche<\/p>\n","protected":false},"featured_media":689,"template":"","meta":[],"product_brand":[],"product_cat":[85],"product_tag":[88,90,89,87],"class_list":{"0":"post-654","1":"product","2":"type-product","3":"status-publish","4":"has-post-thumbnail","6":"product_cat-edle-speiseoele","7":"product_tag-extra-virgine","8":"product_tag-filtriert","9":"product_tag-kaltgepresst","10":"product_tag-olivenoel","12":"first","13":"instock","14":"purchasable","15":"product-type-simple"},"jetpack_sharing_enabled":true,"_links":{"self":[{"href":"https:\/\/www.villa-torre.de\/index.php?rest_route=\/wp\/v2\/product\/654","targetHints":{"allow":["GET"]}}],"collection":[{"href":"https:\/\/www.villa-torre.de\/index.php?rest_route=\/wp\/v2\/product"}],"about":[{"href":"https:\/\/www.villa-torre.de\/index.php?rest_route=\/wp\/v2\/types\/product"}],"wp:featuredmedia":[{"embeddable":true,"href":"https:\/\/www.villa-torre.de\/index.php?rest_route=\/wp\/v2\/media\/689"}],"wp:attachment":[{"href":"https:\/\/www.villa-torre.de\/index.php?rest_route=%2Fwp%2Fv2%2Fmedia&parent=654"}],"wp:term":[{"taxonomy":"product_brand","embeddable":true,"href":"https:\/\/www.villa-torre.de\/index.php?rest_route=%2Fwp%2Fv2%2Fproduct_brand&post=654"},{"taxonomy":"product_cat","embeddable":true,"href":"https:\/\/www.villa-torre.de\/index.php?rest_route=%2Fwp%2Fv2%2Fproduct_cat&post=654"},{"taxonomy":"product_tag","embeddable":true,"href":"https:\/\/www.villa-torre.de\/index.php?rest_route=%2Fwp%2Fv2%2Fproduct_tag&post=654"}],"curies":[{"name":"wp","href":"https:\/\/api.w.org\/{rel}","templated":true}]}}